{"id":987,"date":"2024-11-19T20:44:14","date_gmt":"2024-11-19T19:44:14","guid":{"rendered":"https:\/\/lestroismontagnes.com\/gites\/"},"modified":"2026-01-02T09:18:31","modified_gmt":"2026-01-02T08:18:31","slug":"gites","status":"publish","type":"page","link":"https:\/\/lestroismontagnes.com\/fr\/gites\/","title":{"rendered":"G\u00eetes"},"content":{"rendered":"\t\t<div data-elementor-type=\"wp-page\" data-elementor-id=\"987\" class=\"elementor elementor-987 elementor-27\">\n\t\t\t\t<div class=\"elementor-element elementor-element-02fa2f9 e-flex e-con-boxed e-con e-parent\" data-id=\"02fa2f9\" data-element_type=\"container\" data-settings=\"{&quot;background_background&quot;:&quot;gradient&quot;,&quot;shape_divider_top&quot;:&quot;mountains&quot;}\">\n\t\t\t\t\t<div class=\"e-con-inner\">\n\t\t\t\t<div class=\"elementor-shape elementor-shape-top\" aria-hidden=\"true\" data-negative=\"false\">\n\t\t\t<svg xmlns=\"http:\/\/www.w3.org\/2000\/svg\" viewBox=\"0 0 1000 100\" preserveAspectRatio=\"none\">\n\t<path class=\"elementor-shape-fill\" opacity=\"0.33\" d=\"M473,67.3c-203.9,88.3-263.1-34-320.3,0C66,119.1,0,59.7,0,59.7V0h1000v59.7 c0,0-62.1,26.1-94.9,29.3c-32.8,3.3-62.8-12.3-75.8-22.1C806,49.6,745.3,8.7,694.9,4.7S492.4,59,473,67.3z\"\/>\n\t<path class=\"elementor-shape-fill\" opacity=\"0.66\" d=\"M734,67.3c-45.5,0-77.2-23.2-129.1-39.1c-28.6-8.7-150.3-10.1-254,39.1 s-91.7-34.4-149.2,0C115.7,118.3,0,39.8,0,39.8V0h1000v36.5c0,0-28.2-18.5-92.1-18.5C810.2,18.1,775.7,67.3,734,67.3z\"\/>\n\t<path class=\"elementor-shape-fill\" d=\"M766.1,28.9c-200-57.5-266,65.5-395.1,19.5C242,1.8,242,5.4,184.8,20.6C128,35.8,132.3,44.9,89.9,52.5C28.6,63.7,0,0,0,0 h1000c0,0-9.9,40.9-83.6,48.1S829.6,47,766.1,28.9z\"\/>\n<\/svg>\t\t<\/div>\n\t\t<div class=\"elementor-element elementor-element-25976eb e-con-full e-flex e-con e-child\" data-id=\"25976eb\" data-element_type=\"container\" data-settings=\"{&quot;animation&quot;:&quot;none&quot;}\">\n\t\t\t\t<div class=\"elementor-element elementor-element-fc960cf elementor-invisible elementor-widget elementor-widget-heading\" data-id=\"fc960cf\" data-element_type=\"widget\" data-settings=\"{&quot;_animation&quot;:&quot;fadeInLeft&quot;}\" data-widget_type=\"heading.default\">\n\t\t\t\t<div class=\"elementor-widget-container\">\n\t\t\t\t\t<h2 class=\"elementor-heading-title elementor-size-default\">Les 2 G\u00eetes <br>pour vos vacances dans les Pyr\u00e9n\u00e9es<\/h2>\t\t\t\t<\/div>\n\t\t\t\t<\/div>\n\t\t\t\t<\/div>\n\t\t\t\t\t<\/div>\n\t\t\t\t<\/div>\n\t\t<div class=\"elementor-element elementor-element-b5ecbe4 e-flex e-con-boxed e-con e-parent\" data-id=\"b5ecbe4\" data-element_type=\"container\">\n\t\t\t\t\t<div class=\"e-con-inner\">\n\t\t<div class=\"elementor-element elementor-element-7d8446e e-con-full e-flex e-con e-child\" data-id=\"7d8446e\" data-element_type=\"container\">\n\t\t\t\t<div class=\"elementor-element elementor-element-3b54088 elementor-widget elementor-widget-text-editor\" data-id=\"3b54088\" data-element_type=\"widget\" data-widget_type=\"text-editor.default\">\n\t\t\t\t<div class=\"elementor-widget-container\">\n\t\t\t\t\t\t\t\t\t<p>Bienvenue aux G\u00eetes Pyr\u00e9n\u00e9es Les Trois Montagnes pour vos vacances en France. Les Pyr\u00e9n\u00e9es sont id\u00e9ales pour profiter de la belle nature fran\u00e7aise.<\/p><p>A c\u00f4t\u00e9 de notre maison, 2 g\u00eetes ont \u00e9t\u00e9 am\u00e9nag\u00e9s dans les anciennes \u00e9tables.<\/p><p>Les g\u00eetes sont un endroit charmant pour passer de merveilleuses vacances \u00e0 la campagne, dans le petit village de Ganties.  <\/p><p>Vous pouvez bien s\u00fbr profiter de la piscine, mais il existe de nombreuses possibilit\u00e9s de faire de belles promenades \u00e0 pied ou \u00e0 v\u00e9lo.<\/p><p>Des excursions amusantes sont \u00e9galement pr\u00e9vues pour les enfants.<\/p><p>Les appartements portent le nom de deux ours l\u00e2ch\u00e9s dans les Pyr\u00e9n\u00e9es.  <\/p><p>Balou et Sarousse plats.<\/p><p>Balou est un appartement pour 5 personnes, Sarousse un appartement pour 4 personnes.  <\/p><p>Les deux appartements sont enti\u00e8rement \u00e9quip\u00e9s.<\/p><ul><li>Lave-vaisselle<\/li><li>micro-ondes<\/li><li>Machine Senseo (et une cafeti\u00e8re \u00ab\u00a0normale\u00a0\u00bb)<\/li><li>R\u00e9frig\u00e9rateur<\/li><li>TV  <\/li><li>WIFI gratuit<\/li><\/ul><p>Une machine \u00e0 laver est disponible pour 5 \u20ac par lavage. Le premier lavage est gratuit<\/p>\t\t\t\t\t\t\t\t<\/div>\n\t\t\t\t<\/div>\n\t\t<div class=\"elementor-element elementor-element-e57d1b7 e-con-full e-flex e-con e-child\" data-id=\"e57d1b7\" data-element_type=\"container\">\n\t\t<div class=\"elementor-element elementor-element-19fb77a e-con-full e-flex e-con e-child\" data-id=\"19fb77a\" data-element_type=\"container\">\n\t\t\t\t<div class=\"elementor-element elementor-element-8ab64b7 elementor-invisible elementor-widget elementor-widget-button\" data-id=\"8ab64b7\" data-element_type=\"widget\" data-settings=\"{&quot;_animation&quot;:&quot;fadeInLeft&quot;}\" data-widget_type=\"button.default\">\n\t\t\t\t<div class=\"elementor-widget-container\">\n\t\t\t\t\t\t\t\t\t<div class=\"elementor-button-wrapper\">\n\t\t\t\t\t<a class=\"elementor-button elementor-button-link elementor-size-sm\" href=\"https:\/\/lestroismontagnes.com\/fr\/gite-balou\/\">\n\t\t\t\t\t\t<span class=\"elementor-button-content-wrapper\">\n\t\t\t\t\t\t\t\t\t<span class=\"elementor-button-text\">  BALOU  <\/span>\n\t\t\t\t\t<\/span>\n\t\t\t\t\t<\/a>\n\t\t\t\t<\/div>\n\t\t\t\t\t\t\t\t<\/div>\n\t\t\t\t<\/div>\n\t\t\t\t<div class=\"elementor-element elementor-element-de73849 elementor-invisible elementor-widget elementor-widget-button\" data-id=\"de73849\" data-element_type=\"widget\" data-settings=\"{&quot;_animation&quot;:&quot;fadeInRight&quot;}\" data-widget_type=\"button.default\">\n\t\t\t\t<div class=\"elementor-widget-container\">\n\t\t\t\t\t\t\t\t\t<div class=\"elementor-button-wrapper\">\n\t\t\t\t\t<a class=\"elementor-button elementor-button-link elementor-size-sm\" href=\"https:\/\/lestroismontagnes.com\/fr\/gite-sarousse\/\">\n\t\t\t\t\t\t<span class=\"elementor-button-content-wrapper\">\n\t\t\t\t\t\t\t\t\t<span class=\"elementor-button-text\">SAROUSSE<\/span>\n\t\t\t\t\t<\/span>\n\t\t\t\t\t<\/a>\n\t\t\t\t<\/div>\n\t\t\t\t\t\t\t\t<\/div>\n\t\t\t\t<\/div>\n\t\t\t\t<\/div>\n\t\t\t\t<\/div>\n\t\t\t\t<\/div>\n\t\t<div class=\"elementor-element elementor-element-9f49f4a e-con-full e-flex e-con e-child\" data-id=\"9f49f4a\" data-element_type=\"container\">\n\t\t\t\t<div class=\"elementor-element elementor-element-8a29fcc elementor-arrows-position-inside elementor-widget elementor-widget-image-carousel\" data-id=\"8a29fcc\" data-element_type=\"widget\" data-settings=\"{&quot;slides_to_show&quot;:&quot;1&quot;,&quot;navigation&quot;:&quot;arrows&quot;,&quot;autoplay&quot;:&quot;yes&quot;,&quot;pause_on_hover&quot;:&quot;yes&quot;,&quot;pause_on_interaction&quot;:&quot;yes&quot;,&quot;autoplay_speed&quot;:5000,&quot;infinite&quot;:&quot;yes&quot;,&quot;effect&quot;:&quot;slide&quot;,&quot;speed&quot;:500}\" data-widget_type=\"image-carousel.default\">\n\t\t\t\t<div class=\"elementor-widget-container\">\n\t\t\t\t\t\t\t<div class=\"elementor-image-carousel-wrapper swiper\" role=\"region\" aria-roledescription=\"carousel\" aria-label=\"Afbeelding carrousel\" dir=\"ltr\">\n\t\t\t<div class=\"elementor-image-carousel swiper-wrapper\" aria-live=\"off\">\n\t\t\t\t\t\t\t\t<div class=\"swiper-slide\" role=\"group\" aria-roledescription=\"slide\" aria-label=\"1 sur 5\"><figure class=\"swiper-slide-inner\"><img decoding=\"async\" class=\"swiper-slide-image\" src=\"https:\/\/lestroismontagnes.com\/wp-content\/uploads\/2024\/12\/INSTA_01-1KL-768x432.jpg\" alt=\"luchtfoto van g\u00eetes pyr\u00e9n\u00e9es les trois montagnes\" \/><\/figure><\/div><div class=\"swiper-slide\" role=\"group\" aria-roledescription=\"slide\" aria-label=\"2 sur 5\"><figure class=\"swiper-slide-inner\"><img decoding=\"async\" class=\"swiper-slide-image\" src=\"https:\/\/lestroismontagnes.com\/wp-content\/uploads\/2025\/01\/2012-07-07-07-2012_025-768x576.jpg\" alt=\"zwembad pyrenee\u00ebn ganties\" \/><\/figure><\/div><div class=\"swiper-slide\" role=\"group\" aria-roledescription=\"slide\" aria-label=\"3 sur 5\"><figure class=\"swiper-slide-inner\"><img decoding=\"async\" class=\"swiper-slide-image\" src=\"https:\/\/lestroismontagnes.com\/wp-content\/uploads\/2024\/12\/0014-768x432.jpg\" alt=\"zwembad pyrenee\u00ebn ganties\" \/><\/figure><\/div><div class=\"swiper-slide\" role=\"group\" aria-roledescription=\"slide\" aria-label=\"4 sur 5\"><figure class=\"swiper-slide-inner\"><img decoding=\"async\" class=\"swiper-slide-image\" src=\"https:\/\/lestroismontagnes.com\/wp-content\/uploads\/2024\/12\/0012a-768x432.jpg\" alt=\"zwembad pyrenee\u00ebn ganties\" \/><\/figure><\/div><div class=\"swiper-slide\" role=\"group\" aria-roledescription=\"slide\" aria-label=\"5 sur 5\"><figure class=\"swiper-slide-inner\"><img decoding=\"async\" class=\"swiper-slide-image\" src=\"https:\/\/lestroismontagnes.com\/wp-content\/uploads\/2024\/12\/INSTA_01-1KL-768x432.jpg\" alt=\"luchtfoto van g\u00eetes pyr\u00e9n\u00e9es les trois montagnes\" \/><\/figure><\/div>\t\t\t<\/div>\n\t\t\t\t\t\t\t\t\t\t\t\t<div class=\"elementor-swiper-button elementor-swiper-button-prev\" role=\"button\" tabindex=\"0\">\n\t\t\t\t\t\t<svg aria-hidden=\"true\" class=\"e-font-icon-svg e-eicon-chevron-left\" viewBox=\"0 0 1000 1000\" xmlns=\"http:\/\/www.w3.org\/2000\/svg\"><path d=\"M646 125C629 125 613 133 604 142L308 442C296 454 292 471 292 487 292 504 296 521 308 533L604 854C617 867 629 875 646 875 663 875 679 871 692 858 704 846 713 829 713 812 713 796 708 779 692 767L438 487 692 225C700 217 708 204 708 187 708 171 704 154 692 142 675 129 663 125 646 125Z\"><\/path><\/svg>\t\t\t\t\t<\/div>\n\t\t\t\t\t<div class=\"elementor-swiper-button elementor-swiper-button-next\" role=\"button\" tabindex=\"0\">\n\t\t\t\t\t\t<svg aria-hidden=\"true\" class=\"e-font-icon-svg e-eicon-chevron-right\" viewBox=\"0 0 1000 1000\" xmlns=\"http:\/\/www.w3.org\/2000\/svg\"><path d=\"M696 533C708 521 713 504 713 487 713 471 708 454 696 446L400 146C388 133 375 125 354 125 338 125 325 129 313 142 300 154 292 171 292 187 292 204 296 221 308 233L563 492 304 771C292 783 288 800 288 817 288 833 296 850 308 863 321 871 338 875 354 875 371 875 388 867 400 854L696 533Z\"><\/path><\/svg>\t\t\t\t\t<\/div>\n\t\t\t\t\n\t\t\t\t\t\t\t\t\t<\/div>\n\t\t\t\t\t\t<\/div>\n\t\t\t\t<\/div>\n\t\t<div class=\"elementor-element elementor-element-11dd456 e-grid e-con-full e-con e-child\" data-id=\"11dd456\" data-element_type=\"container\">\n\t\t\t\t<div class=\"elementor-element elementor-element-88989c3 elementor-widget elementor-widget-image\" data-id=\"88989c3\" data-element_type=\"widget\" data-widget_type=\"image.default\">\n\t\t\t\t<div class=\"elementor-widget-container\">\n\t\t\t\t\t\t\t\t\t\t\t\t\t\t\t\t<a href=\"https:\/\/lestroismontagnes.com\/fr\/gite-balou\/\">\n\t\t\t\t\t\t\t<img fetchpriority=\"high\" decoding=\"async\" width=\"1024\" height=\"768\" src=\"https:\/\/lestroismontagnes.com\/wp-content\/uploads\/2025\/01\/2018-05-27_11.00.24_0003-1-1024x768.jpg\" class=\"attachment-large size-large wp-image-641\" alt=\"\" srcset=\"https:\/\/lestroismontagnes.com\/wp-content\/uploads\/2025\/01\/2018-05-27_11.00.24_0003-1-1024x768.jpg 1024w, https:\/\/lestroismontagnes.com\/wp-content\/uploads\/2025\/01\/2018-05-27_11.00.24_0003-1-300x225.jpg 300w, https:\/\/lestroismontagnes.com\/wp-content\/uploads\/2025\/01\/2018-05-27_11.00.24_0003-1-768x576.jpg 768w, https:\/\/lestroismontagnes.com\/wp-content\/uploads\/2025\/01\/2018-05-27_11.00.24_0003-1-1536x1152.jpg 1536w, https:\/\/lestroismontagnes.com\/wp-content\/uploads\/2025\/01\/2018-05-27_11.00.24_0003-1-2048x1536.jpg 2048w\" sizes=\"(max-width: 1024px) 100vw, 1024px\" \/>\t\t\t\t\t\t\t\t<\/a>\n\t\t\t\t\t\t\t\t\t\t\t\t\t\t\t<\/div>\n\t\t\t\t<\/div>\n\t\t\t\t<div class=\"elementor-element elementor-element-e9e1fd9 elementor-widget elementor-widget-image\" data-id=\"e9e1fd9\" data-element_type=\"widget\" data-widget_type=\"image.default\">\n\t\t\t\t<div class=\"elementor-widget-container\">\n\t\t\t\t\t\t\t\t\t\t\t\t\t\t\t\t<a href=\"https:\/\/lestroismontagnes.com\/fr\/gite-sarousse\/\">\n\t\t\t\t\t\t\t<img decoding=\"async\" width=\"1024\" height=\"768\" src=\"https:\/\/lestroismontagnes.com\/wp-content\/uploads\/2025\/01\/2012-07-07-07-2012_030-1024x768.jpg\" class=\"attachment-large size-large wp-image-661\" alt=\"\" srcset=\"https:\/\/lestroismontagnes.com\/wp-content\/uploads\/2025\/01\/2012-07-07-07-2012_030-1024x768.jpg 1024w, https:\/\/lestroismontagnes.com\/wp-content\/uploads\/2025\/01\/2012-07-07-07-2012_030-300x225.jpg 300w, https:\/\/lestroismontagnes.com\/wp-content\/uploads\/2025\/01\/2012-07-07-07-2012_030-768x576.jpg 768w, https:\/\/lestroismontagnes.com\/wp-content\/uploads\/2025\/01\/2012-07-07-07-2012_030-1536x1152.jpg 1536w, https:\/\/lestroismontagnes.com\/wp-content\/uploads\/2025\/01\/2012-07-07-07-2012_030-2048x1536.jpg 2048w\" sizes=\"(max-width: 1024px) 100vw, 1024px\" \/>\t\t\t\t\t\t\t\t<\/a>\n\t\t\t\t\t\t\t\t\t\t\t\t\t\t\t<\/div>\n\t\t\t\t<\/div>\n\t\t\t\t<div class=\"elementor-element elementor-element-5c2f6b1 elementor-widget elementor-widget-image\" data-id=\"5c2f6b1\" data-element_type=\"widget\" data-widget_type=\"image.default\">\n\t\t\t\t<div class=\"elementor-widget-container\">\n\t\t\t\t\t\t\t\t\t\t\t\t\t\t\t\t<a href=\"https:\/\/lestroismontagnes.com\/fr\/piscine\/\">\n\t\t\t\t\t\t\t<img decoding=\"async\" width=\"1024\" height=\"768\" src=\"https:\/\/lestroismontagnes.com\/wp-content\/uploads\/2025\/01\/pyreneeen-fotos-06-1024x768.jpg\" class=\"attachment-large size-large wp-image-845\" alt=\"\" srcset=\"https:\/\/lestroismontagnes.com\/wp-content\/uploads\/2025\/01\/pyreneeen-fotos-06-1024x768.jpg 1024w, https:\/\/lestroismontagnes.com\/wp-content\/uploads\/2025\/01\/pyreneeen-fotos-06-300x225.jpg 300w, https:\/\/lestroismontagnes.com\/wp-content\/uploads\/2025\/01\/pyreneeen-fotos-06-768x576.jpg 768w, https:\/\/lestroismontagnes.com\/wp-content\/uploads\/2025\/01\/pyreneeen-fotos-06-1536x1152.jpg 1536w, https:\/\/lestroismontagnes.com\/wp-content\/uploads\/2025\/01\/pyreneeen-fotos-06.jpg 2000w\" sizes=\"(max-width: 1024px) 100vw, 1024px\" \/>\t\t\t\t\t\t\t\t<\/a>\n\t\t\t\t\t\t\t\t\t\t\t\t\t\t\t<\/div>\n\t\t\t\t<\/div>\n\t\t\t\t<\/div>\n\t\t<div class=\"elementor-element elementor-element-1ee0a15 e-grid e-con-full e-con e-child\" data-id=\"1ee0a15\" data-element_type=\"container\">\n\t\t\t\t<div class=\"elementor-element elementor-element-529813c elementor-widget elementor-widget-text-editor\" data-id=\"529813c\" data-element_type=\"widget\" data-widget_type=\"text-editor.default\">\n\t\t\t\t<div class=\"elementor-widget-container\">\n\t\t\t\t\t\t\t\t\t<p>Balou<\/p>\t\t\t\t\t\t\t\t<\/div>\n\t\t\t\t<\/div>\n\t\t\t\t<div class=\"elementor-element elementor-element-afe7437 elementor-widget elementor-widget-text-editor\" data-id=\"afe7437\" data-element_type=\"widget\" data-widget_type=\"text-editor.default\">\n\t\t\t\t<div class=\"elementor-widget-container\">\n\t\t\t\t\t\t\t\t\t<p>Sarousse<\/p>\t\t\t\t\t\t\t\t<\/div>\n\t\t\t\t<\/div>\n\t\t\t\t<div class=\"elementor-element elementor-element-8cbc2c9 elementor-widget elementor-widget-text-editor\" data-id=\"8cbc2c9\" data-element_type=\"widget\" data-widget_type=\"text-editor.default\">\n\t\t\t\t<div class=\"elementor-widget-container\">\n\t\t\t\t\t\t\t\t\t<p>Piscine<\/p>\t\t\t\t\t\t\t\t<\/div>\n\t\t\t\t<\/div>\n\t\t\t\t<\/div>\n\t\t\t\t<\/div>\n\t\t\t\t\t<\/div>\n\t\t\t\t<\/div>\n\t\t\t\t<\/div>\n\t\t","protected":false},"excerpt":{"rendered":"<p>Les 2 G\u00eetes pour vos vacances dans les Pyr\u00e9n\u00e9es Bienvenue aux G\u00eetes Pyr\u00e9n\u00e9es Les Trois Montagnes pour vos vacances en France. Les Pyr\u00e9n\u00e9es sont id\u00e9ales pour profiter de la belle nature fran\u00e7aise. A c\u00f4t\u00e9 de notre maison, 2 g\u00eetes ont \u00e9t\u00e9 am\u00e9nag\u00e9s dans les anciennes \u00e9tables. Les g\u00eetes sont un endroit charmant pour passer de [&hellip;]<\/p>\n","protected":false},"author":1,"featured_media":0,"parent":0,"menu_order":0,"comment_status":"closed","ping_status":"closed","template":"","meta":{"footnotes":""},"class_list":["post-987","page","type-page","status-publish","hentry"],"blocksy_meta":[],"_links":{"self":[{"href":"https:\/\/lestroismontagnes.com\/fr\/wp-json\/wp\/v2\/pages\/987","targetHints":{"allow":["GET"]}}],"collection":[{"href":"https:\/\/lestroismontagnes.com\/fr\/wp-json\/wp\/v2\/pages"}],"about":[{"href":"https:\/\/lestroismontagnes.com\/fr\/wp-json\/wp\/v2\/types\/page"}],"author":[{"embeddable":true,"href":"https:\/\/lestroismontagnes.com\/fr\/wp-json\/wp\/v2\/users\/1"}],"replies":[{"embeddable":true,"href":"https:\/\/lestroismontagnes.com\/fr\/wp-json\/wp\/v2\/comments?post=987"}],"version-history":[{"count":9,"href":"https:\/\/lestroismontagnes.com\/fr\/wp-json\/wp\/v2\/pages\/987\/revisions"}],"predecessor-version":[{"id":1374,"href":"https:\/\/lestroismontagnes.com\/fr\/wp-json\/wp\/v2\/pages\/987\/revisions\/1374"}],"wp:attachment":[{"href":"https:\/\/lestroismontagnes.com\/fr\/wp-json\/wp\/v2\/media?parent=987"}],"curies":[{"name":"wp","href":"https:\/\/api.w.org\/{rel}","templated":true}]}}